{"id":18,"date":"2020-04-13T19:45:56","date_gmt":"2020-04-13T19:45:56","guid":{"rendered":"http:\/\/test.medienbetrieb-voelker.de\/?page_id=18"},"modified":"2022-03-04T22:06:44","modified_gmt":"2022-03-04T22:06:44","slug":"medien","status":"publish","type":"page","link":"https:\/\/www.medienbetrieb-voelker.de\/?page_id=18","title":{"rendered":"Medien"},"content":{"rendered":"\n<h2 class=\"has-text-align-center\"><strong>CDs &#8211; CD-ROMs &#8211; DVDs &#8211; MCs &#8211; Vinyl &#8211; Webseiten &#8211; Pr\u00e4sentationen<\/strong><\/h2>\n\n\n\n<p>Ein weiterer Punkt, bei dem wir Ihnen unsere Erfahrung und ein breites Sortiment anbieten k\u00f6nnen, ist die Produktion von Medien aller Art, welche da w\u00e4ren CDs, CD-ROMs, DVDs, USB-Sticks sowie auch die guten alten, <a href=\"https:\/\/www.medienbetrieb-voelker.de\/?p=1694\" data-type=\"URL\" data-id=\"https:\/\/www.medienbetrieb-voelker.de\/?p=1694\">analogen MCs<\/a> und Vinyl-Schallplatten (LPs, MLPs und EPs), Video- und <a href=\"https:\/\/www.medienbetrieb-voelker.de\/?page_id=19\">Audioproduktion <\/a>als auch Internet-Auftritte.<\/p>\n\n\n\n<figure class=\"wp-block-image size-large\"><img loading=\"lazy\" width=\"1024\" height=\"494\" src=\"http:\/\/test.medienbetrieb-voelker.de\/wp-content\/uploads\/2020\/06\/mbv-webseite-medien-1024x494.jpg\" alt=\"\" class=\"wp-image-1492\" srcset=\"https:\/\/www.medienbetrieb-voelker.de\/wp-content\/uploads\/2020\/06\/mbv-webseite-medien-1024x494.jpg 1024w, https:\/\/www.medienbetrieb-voelker.de\/wp-content\/uploads\/2020\/06\/mbv-webseite-medien-300x145.jpg 300w, https:\/\/www.medienbetrieb-voelker.de\/wp-content\/uploads\/2020\/06\/mbv-webseite-medien-768x371.jpg 768w, https:\/\/www.medienbetrieb-voelker.de\/wp-content\/uploads\/2020\/06\/mbv-webseite-medien-1536x741.jpg 1536w, https:\/\/www.medienbetrieb-voelker.de\/wp-content\/uploads\/2020\/06\/mbv-webseite-medien.jpg 1575w\" sizes=\"(max-width: 1024px) 100vw, 1024px\" \/><\/figure>\n\n\n\n<p>Was auch immer f\u00fcr Ihr Projekt n\u00f6tig sein sollte: Wir haben das Wissen und die Mittel. Von der kleinen Demo-CD mit der eigenen Musik, \u00fcber die Pr\u00e4sentations-CD-Rom oder DVD bis zu gr\u00f6sseren Projekten. Neben der reinen Duplikation oder Replikation fertigen wir nat\u00fcrlich auch die kompletten Drucksachen f\u00fcr sie und auch beim Authoring (bei DVDs, DVD-Roms und CD-Roms) oder beim letzten akustischen Schliff (siehe hier) sind wir gern behilflich.<\/p>\n\n\n\n<p class=\"has-large-font-size\">Was kann alles hergestellt werden?<\/p>\n\n\n\n<div class=\"wp-block-media-text alignwide is-stacked-on-mobile\"><figure class=\"wp-block-media-text__media\"><img loading=\"lazy\" width=\"916\" height=\"799\" src=\"http:\/\/www.medienbetrieb-voelker.de\/wp-content\/uploads\/2021\/02\/mbv-foto-studio15-datenloeschung.jpg\" alt=\"\" class=\"wp-image-1963 size-full\" srcset=\"https:\/\/www.medienbetrieb-voelker.de\/wp-content\/uploads\/2021\/02\/mbv-foto-studio15-datenloeschung.jpg 916w, https:\/\/www.medienbetrieb-voelker.de\/wp-content\/uploads\/2021\/02\/mbv-foto-studio15-datenloeschung-300x262.jpg 300w, https:\/\/www.medienbetrieb-voelker.de\/wp-content\/uploads\/2021\/02\/mbv-foto-studio15-datenloeschung-768x670.jpg 768w\" sizes=\"(max-width: 916px) 100vw, 916px\" \/><\/figure><div class=\"wp-block-media-text__content\">\n<div class=\"wp-block-columns\">\n<div class=\"wp-block-column\" style=\"flex-basis:100%\">\n<ul><li><strong>MCs<\/strong><\/li><li><strong>CDs <\/strong>(Replikation \/ gepre\u00dft)<\/li><li><strong>CD-Rs<\/strong> (Duplikation oder als bedrucktes Leermedium)<\/li><li><strong>LPs <\/strong>(derzeit aufgrund der angespannten Marktlage nicht verf\u00fcgbar)<\/li><li><strong>DVDs <\/strong>(Replikation \/ gepre\u00dft)<\/li><li><strong>DVD-Rs <\/strong>(Duplikation oder als bedrucktes Leermedium)<\/li><li><strong>USB-Sticks<\/strong><\/li><li><strong>SD-Karten<\/strong><\/li><li><strong>Bluray <\/strong>(auf Anfrage, derzeit noch kein Authoring m\u00f6glich)<\/li><\/ul>\n<\/div>\n<\/div>\n<\/div><\/div>\n\n\n\n<p>Bzgl. den CD-R &#8211; und DVD-R &#8211; Produktionen sind verschiedene Qualit\u00e4ten und verschiedene Druckverfahren m\u00f6glich. N\u00e4heres dazu in K\u00fcrze&#8230;<\/p>\n","protected":false},"excerpt":{"rendered":"<p>CDs &#8211; CD-ROMs &#8211; DVDs &#8211; MCs &#8211; Vinyl &#8211; Webseiten &#8211; Pr\u00e4sentationen Ein weiterer Punkt, bei dem wir Ihnen unsere Erfahrung und ein breites Sortiment anbieten k\u00f6nnen, ist die Produktion von Medien aller Art, welche da w\u00e4ren CDs, CD-ROMs, DVDs, USB-Sticks sowie auch die guten alten, analogen MCs und Vinyl-Schallplatten (LPs, MLPs und EPs), &#8230; <a title=\"Medien\" class=\"read-more\" href=\"https:\/\/www.medienbetrieb-voelker.de\/?page_id=18\" aria-label=\"Mehr dazu unter Medien\">Weiterlesen<\/a><\/p>\n","protected":false},"author":1,"featured_media":0,"parent":0,"menu_order":0,"comment_status":"closed","ping_status":"closed","template":"","meta":{"ngg_post_thumbnail":0},"_links":{"self":[{"href":"https:\/\/www.medienbetrieb-voelker.de\/index.php?rest_route=\/wp\/v2\/pages\/18"}],"collection":[{"href":"https:\/\/www.medienbetrieb-voelker.de\/index.php?rest_route=\/wp\/v2\/pages"}],"about":[{"href":"https:\/\/www.medienbetrieb-voelker.de\/index.php?rest_route=\/wp\/v2\/types\/page"}],"author":[{"embeddable":true,"href":"https:\/\/www.medienbetrieb-voelker.de\/index.php?rest_route=\/wp\/v2\/users\/1"}],"replies":[{"embeddable":true,"href":"https:\/\/www.medienbetrieb-voelker.de\/index.php?rest_route=%2Fwp%2Fv2%2Fcomments&post=18"}],"version-history":[{"count":3,"href":"https:\/\/www.medienbetrieb-voelker.de\/index.php?rest_route=\/wp\/v2\/pages\/18\/revisions"}],"predecessor-version":[{"id":2012,"href":"https:\/\/www.medienbetrieb-voelker.de\/index.php?rest_route=\/wp\/v2\/pages\/18\/revisions\/2012"}],"wp:attachment":[{"href":"https:\/\/www.medienbetrieb-voelker.de\/index.php?rest_route=%2Fwp%2Fv2%2Fmedia&parent=18"}],"curies":[{"name":"wp","href":"https:\/\/api.w.org\/{rel}","templated":true}]}}