{"id":131,"date":"2015-06-11T20:33:46","date_gmt":"2015-06-11T20:33:46","guid":{"rendered":"http:\/\/testudomag.testudolabs.com\/?page_id=131"},"modified":"2022-11-17T10:59:27","modified_gmt":"2022-11-17T10:59:27","slug":"druckerei","status":"publish","type":"page","link":"https:\/\/www.medienbetrieb-voelker.de\/?page_id=131","title":{"rendered":"Drucksachen aller Art"},"content":{"rendered":"\n<h3>Visitenkarten, Poster, Briefpapier, CD-Booklets, 7&#8243;,10&#8243; &amp; 12&#8243; Cover f\u00fcr Vinyl, MC-Cover, Postkarten, Flugbl\u00e4tter, Kalender, etc.<\/h3>\n\n\n\n<figure class=\"wp-block-image size-large\"><img loading=\"lazy\" width=\"1024\" height=\"494\" src=\"http:\/\/test.medienbetrieb-voelker.de\/wp-content\/uploads\/2020\/06\/mbv-foto-druck1-1024x494.jpg\" alt=\"\" class=\"wp-image-1488\" srcset=\"https:\/\/www.medienbetrieb-voelker.de\/wp-content\/uploads\/2020\/06\/mbv-foto-druck1-1024x494.jpg 1024w, https:\/\/www.medienbetrieb-voelker.de\/wp-content\/uploads\/2020\/06\/mbv-foto-druck1-300x145.jpg 300w, https:\/\/www.medienbetrieb-voelker.de\/wp-content\/uploads\/2020\/06\/mbv-foto-druck1-768x371.jpg 768w, https:\/\/www.medienbetrieb-voelker.de\/wp-content\/uploads\/2020\/06\/mbv-foto-druck1-1536x741.jpg 1536w, https:\/\/www.medienbetrieb-voelker.de\/wp-content\/uploads\/2020\/06\/mbv-foto-druck1.jpg 1575w\" sizes=\"(max-width: 1024px) 100vw, 1024px\" \/><\/figure>\n\n\n\n<h4>Seit Betriebsaufnahme geh\u00f6ren Drucksachen jeglicher Art mit zu unserem Basisgesch\u00e4ft. Egal ob Standarddrucksachen, Sonderformate, Massenauflagen, limitierte Sammlerauflagen, Sonderanfertigungen, Kunstdrucke, Gro\u00dfformate, Kleinformate&#8230;<\/h4>\n\n\n\n<h4>Alles stets professionell und hochwertig.<\/h4>\n\n\n\n<p>Die M\u00f6glichkeiten, die wir f\u00fcr Sie und Ihr Projekt bereitstellen k\u00f6nnen, sind betr\u00e4chtlich und wir arbeiten stetig daran, noch mehr m\u00f6glich machen zu k\u00f6nnen. <\/p>\n\n\n\n<p>Auch hier sind wieder die meisten Produkte in Kleinstauflagen und als Einzelst\u00fccke (bis DIN A1+) m\u00f6glich&#8230;<\/p>\n\n\n\n<h2>Gestaltung &#8211; Aufarbeitung &#8211; Design<\/h2>\n\n\n\n<p>Nat\u00fcrlich k\u00f6nnen wir auch gern bei Gestaltung, Satz und Aufarbeitung helfen. Bei uns k\u00f6nnen Kunden auch ohne technische Kenntnisse und ohne \u201espezifikationsgetreue Gestaltungsdaten\u201c professionelle Drucksachen erhalten.<\/p>\n","protected":false},"excerpt":{"rendered":"<p>Visitenkarten, Poster, Briefpapier, CD-Booklets, 7&#8243;,10&#8243; &amp; 12&#8243; Cover f\u00fcr Vinyl, MC-Cover, Postkarten, Flugbl\u00e4tter, Kalender, etc. Seit Betriebsaufnahme geh\u00f6ren Drucksachen jeglicher Art mit zu unserem Basisgesch\u00e4ft. Egal ob Standarddrucksachen, Sonderformate, Massenauflagen, limitierte Sammlerauflagen, Sonderanfertigungen, Kunstdrucke, Gro\u00dfformate, Kleinformate&#8230; Alles stets professionell und hochwertig. Die M\u00f6glichkeiten, die wir f\u00fcr Sie und Ihr Projekt bereitstellen k\u00f6nnen, sind betr\u00e4chtlich und &#8230; <a title=\"Drucksachen aller Art\" class=\"read-more\" href=\"https:\/\/www.medienbetrieb-voelker.de\/?page_id=131\" aria-label=\"Mehr dazu unter Drucksachen aller Art\">Weiterlesen<\/a><\/p>\n","protected":false},"author":1,"featured_media":0,"parent":0,"menu_order":0,"comment_status":"closed","ping_status":"closed","template":"","meta":{"ngg_post_thumbnail":0},"_links":{"self":[{"href":"https:\/\/www.medienbetrieb-voelker.de\/index.php?rest_route=\/wp\/v2\/pages\/131"}],"collection":[{"href":"https:\/\/www.medienbetrieb-voelker.de\/index.php?rest_route=\/wp\/v2\/pages"}],"about":[{"href":"https:\/\/www.medienbetrieb-voelker.de\/index.php?rest_route=\/wp\/v2\/types\/page"}],"author":[{"embeddable":true,"href":"https:\/\/www.medienbetrieb-voelker.de\/index.php?rest_route=\/wp\/v2\/users\/1"}],"replies":[{"embeddable":true,"href":"https:\/\/www.medienbetrieb-voelker.de\/index.php?rest_route=%2Fwp%2Fv2%2Fcomments&post=131"}],"version-history":[{"count":5,"href":"https:\/\/www.medienbetrieb-voelker.de\/index.php?rest_route=\/wp\/v2\/pages\/131\/revisions"}],"predecessor-version":[{"id":2034,"href":"https:\/\/www.medienbetrieb-voelker.de\/index.php?rest_route=\/wp\/v2\/pages\/131\/revisions\/2034"}],"wp:attachment":[{"href":"https:\/\/www.medienbetrieb-voelker.de\/index.php?rest_route=%2Fwp%2Fv2%2Fmedia&parent=131"}],"curies":[{"name":"wp","href":"https:\/\/api.w.org\/{rel}","templated":true}]}}